{"id":331,"date":"2024-04-22T16:26:43","date_gmt":"2024-04-22T14:26:43","guid":{"rendered":"https:\/\/dakwerkendeville.myskydoowebsite.com\/?page_id=331"},"modified":"2025-01-09T16:17:22","modified_gmt":"2025-01-09T15:17:22","slug":"a-propos","status":"publish","type":"page","link":"https:\/\/dakwerkendeville.be\/nl\/a-propos\/","title":{"rendered":"Over ons"},"content":{"rendered":"\t\t<div data-elementor-type=\"wp-page\" data-elementor-id=\"331\" class=\"elementor elementor-331\" data-elementor-post-type=\"page\">\n\t\t\t\t<div class=\"elementor-element elementor-element-1551ca5 e-flex e-con-boxed e-con e-parent\" data-id=\"1551ca5\" data-element_type=\"container\" data-e-type=\"container\" data-settings=\"{&quot;background_background&quot;:&quot;classic&quot;,&quot;shape_divider_bottom&quot;:&quot;triangle&quot;}\">\n\t\t\t\t\t<div class=\"e-con-inner\">\n\t\t\t\t<div class=\"elementor-shape elementor-shape-bottom\" aria-hidden=\"true\" data-negative=\"false\">\n\t\t\t<svg xmlns=\"http:\/\/www.w3.org\/2000\/svg\" viewBox=\"0 0 1000 100\" preserveAspectRatio=\"none\">\n\t<path class=\"elementor-shape-fill\" d=\"M500,98.9L0,6.1V0h1000v6.1L500,98.9z\"\/>\n<\/svg>\t\t<\/div>\n\t\t<div class=\"elementor-element elementor-element-887bd20 e-flex e-con-boxed e-con e-child\" data-id=\"887bd20\" data-element_type=\"container\" data-e-type=\"container\">\n\t\t\t\t\t<div class=\"e-con-inner\">\n\t\t\t\t<div class=\"elementor-element elementor-element-d1e65bc animated-slow elementor-invisible elementor-widget elementor-widget-heading\" data-id=\"d1e65bc\" data-element_type=\"widget\" data-e-type=\"widget\" data-settings=\"{&quot;motion_fx_motion_fx_scrolling&quot;:&quot;yes&quot;,&quot;_animation&quot;:&quot;fadeIn&quot;,&quot;_animation_delay&quot;:300,&quot;motion_fx_devices&quot;:[&quot;desktop&quot;,&quot;tablet&quot;,&quot;mobile&quot;]}\" data-widget_type=\"heading.default\">\n\t\t\t\t<div class=\"elementor-widget-container\">\n\t\t\t\t\t<h2 class=\"elementor-heading-title elementor-size-default\">Toiturier Devill\u00e9 L.<\/h2>\t\t\t\t<\/div>\n\t\t\t\t<\/div>\n\t\t\t\t<div class=\"elementor-element elementor-element-f314f00 elementor-widget-divider--view-line elementor-widget elementor-widget-divider\" data-id=\"f314f00\" data-element_type=\"widget\" data-e-type=\"widget\" data-widget_type=\"divider.default\">\n\t\t\t\t<div class=\"elementor-widget-container\">\n\t\t\t\t\t\t\t<div class=\"elementor-divider\">\n\t\t\t<span class=\"elementor-divider-separator\">\n\t\t\t\t\t\t<\/span>\n\t\t<\/div>\n\t\t\t\t\t\t<\/div>\n\t\t\t\t<\/div>\n\t\t\t\t<div class=\"elementor-element elementor-element-ddd4229 elementor-widget elementor-widget-text-editor\" data-id=\"ddd4229\" data-element_type=\"widget\" data-e-type=\"widget\" data-widget_type=\"text-editor.default\">\n\t\t\t\t<div class=\"elementor-widget-container\">\n\t\t\t\t\t\t\t\t\t<p>\u00c0 propos de Dakwerken Devill\u00e9 L.<\/p>\t\t\t\t\t\t\t\t<\/div>\n\t\t\t\t<\/div>\n\t\t\t\t<div class=\"elementor-element elementor-element-a60484f elementor-widget elementor-widget-text-editor\" data-id=\"a60484f\" data-element_type=\"widget\" data-e-type=\"widget\" data-widget_type=\"text-editor.default\">\n\t\t\t\t<div class=\"elementor-widget-container\">\n\t\t\t\t\t\t\t\t\t<p>Depuis plusieurs ann\u00e9es, Dakwerken Devill\u00e9 L. s&rsquo;engage \u00e0 offrir des services de toiture et de bardage de haute qualit\u00e9 dans la r\u00e9gion de Huizingen et ses alentours. Nous combinons savoir-faire traditionnel et innovations modernes pour garantir la durabilit\u00e9 et l&rsquo;esth\u00e9tique de chaque projet. Notre \u00e9quipe qualifi\u00e9e est \u00e0 votre \u00e9coute pour vous conseiller et r\u00e9aliser vos travaux, qu&rsquo;il s&rsquo;agisse de nouvelles installations, de r\u00e9novations ou de r\u00e9parations. Faites confiance \u00e0 notre expertise pour un r\u00e9sultat \u00e0 la hauteur de vos attentes.<\/p>\t\t\t\t\t\t\t\t<\/div>\n\t\t\t\t<\/div>\n\t\t\t\t<div class=\"elementor-element elementor-element-ab31fd2 elementor-align-center elementor-invisible elementor-widget elementor-widget-button\" data-id=\"ab31fd2\" data-element_type=\"widget\" data-e-type=\"widget\" data-settings=\"{&quot;_animation&quot;:&quot;fadeIn&quot;,&quot;_animation_delay&quot;:300}\" data-widget_type=\"button.default\">\n\t\t\t\t<div class=\"elementor-widget-container\">\n\t\t\t\t\t\t\t\t\t<div class=\"elementor-button-wrapper\">\n\t\t\t\t\t<a class=\"elementor-button elementor-button-link elementor-size-sm\" href=\"https:\/\/dakwerkendeville.be\/nl\/contact\/\">\n\t\t\t\t\t\t<span class=\"elementor-button-content-wrapper\">\n\t\t\t\t\t\t\t\t\t<span class=\"elementor-button-text\">Contactez-Nous<\/span>\n\t\t\t\t\t<\/span>\n\t\t\t\t\t<\/a>\n\t\t\t\t<\/div>\n\t\t\t\t\t\t\t\t<\/div>\n\t\t\t\t<\/div>\n\t\t\t\t\t<\/div>\n\t\t\t\t<\/div>\n\t\t<div class=\"elementor-element elementor-element-2da8013 e-flex e-con-boxed e-con e-child\" data-id=\"2da8013\" data-element_type=\"container\" data-e-type=\"container\" data-settings=\"{&quot;background_background&quot;:&quot;classic&quot;}\">\n\t\t\t\t\t<div class=\"e-con-inner\">\n\t\t\t\t<div class=\"elementor-element elementor-element-436e518 gallery-spacing-custom elementor-widget elementor-widget-image-gallery\" data-id=\"436e518\" data-element_type=\"widget\" data-e-type=\"widget\" data-widget_type=\"image-gallery.default\">\n\t\t\t\t<div class=\"elementor-widget-container\">\n\t\t\t\t\t\t\t<div class=\"elementor-image-gallery\">\n\t\t\t<div id='gallery-1' class='gallery galleryid-331 gallery-columns-3 gallery-size-thumbnail'><figure class='gallery-item'>\n\t\t\t<div class='gallery-icon landscape'>\n\t\t\t\t<a data-elementor-open-lightbox=\"yes\" data-elementor-lightbox-slideshow=\"436e518\" data-e-action-hash=\"#elementor-action%3Aaction%3Dlightbox%26settings%3DeyJpZCI6OTAyLCJ1cmwiOiJodHRwczpcL1wvZGFrd2Vya2VuZGV2aWxsZS5iZVwvd3AtY29udGVudFwvdXBsb2Fkc1wvaW1hZ2UwMjAtMS5qcGciLCJzbGlkZXNob3ciOiI0MzZlNTE4In0%3D\" href='https:\/\/dakwerkendeville.be\/wp-content\/uploads\/image020-1.jpg'><img fetchpriority=\"high\" decoding=\"async\" width=\"600\" height=\"600\" src=\"https:\/\/dakwerkendeville.be\/wp-content\/uploads\/image020-1-600x600.jpg\" class=\"attachment-thumbnail size-thumbnail\" alt=\",\" title=\"\"><\/a>\n\t\t\t<\/div><\/figure><figure class='gallery-item'>\n\t\t\t<div class='gallery-icon portrait'>\n\t\t\t\t<a data-elementor-open-lightbox=\"yes\" data-elementor-lightbox-slideshow=\"436e518\" data-e-action-hash=\"#elementor-action%3Aaction%3Dlightbox%26settings%3DeyJpZCI6ODcyLCJ1cmwiOiJodHRwczpcL1wvZGFrd2Vya2VuZGV2aWxsZS5iZVwvd3AtY29udGVudFwvdXBsb2Fkc1wvaW1hZ2UwMDUuanBnIiwic2xpZGVzaG93IjoiNDM2ZTUxOCJ9\" href='https:\/\/dakwerkendeville.be\/wp-content\/uploads\/image005.jpg'><img decoding=\"async\" width=\"600\" height=\"600\" src=\"https:\/\/dakwerkendeville.be\/wp-content\/uploads\/image005-600x600.jpg\" class=\"attachment-thumbnail size-thumbnail\" alt=\",\" title=\"\"><\/a>\n\t\t\t<\/div><\/figure><figure class='gallery-item'>\n\t\t\t<div class='gallery-icon landscape'>\n\t\t\t\t<a data-elementor-open-lightbox=\"yes\" data-elementor-lightbox-slideshow=\"436e518\" data-e-action-hash=\"#elementor-action%3Aaction%3Dlightbox%26settings%3DeyJpZCI6OTA1LCJ1cmwiOiJodHRwczpcL1wvZGFrd2Vya2VuZGV2aWxsZS5iZVwvd3AtY29udGVudFwvdXBsb2Fkc1wvaW1hZ2UwMjEuanBnIiwic2xpZGVzaG93IjoiNDM2ZTUxOCJ9\" href='https:\/\/dakwerkendeville.be\/wp-content\/uploads\/image021.jpg'><img decoding=\"async\" width=\"600\" height=\"600\" src=\"https:\/\/dakwerkendeville.be\/wp-content\/uploads\/image021-600x600.jpg\" class=\"attachment-thumbnail size-thumbnail\" alt=\"photo d&#039;un toit\" title=\"\"><\/a>\n\t\t\t<\/div><\/figure><figure class='gallery-item'>\n\t\t\t<div class='gallery-icon landscape'>\n\t\t\t\t<a data-elementor-open-lightbox=\"yes\" data-elementor-lightbox-slideshow=\"436e518\" data-e-action-hash=\"#elementor-action%3Aaction%3Dlightbox%26settings%3DeyJpZCI6MTI5NywidXJsIjoiaHR0cHM6XC9cL2Rha3dlcmtlbmRldmlsbGUuYmVcL3dwLWNvbnRlbnRcL3VwbG9hZHNcL1VudGl0bGVkLWRlc2lnbi0yMDI0LTA4LTI4VDE0NTg1OS4wMDkucG5nIiwic2xpZGVzaG93IjoiNDM2ZTUxOCJ9\" href='https:\/\/dakwerkendeville.be\/wp-content\/uploads\/Untitled-design-2024-08-28T145859.009.png'><img loading=\"lazy\" decoding=\"async\" width=\"600\" height=\"600\" src=\"https:\/\/dakwerkendeville.be\/wp-content\/uploads\/Untitled-design-2024-08-28T145859.009.png\" class=\"attachment-thumbnail size-thumbnail\" alt=\",\" title=\"\"><\/a>\n\t\t\t<\/div><\/figure><figure class='gallery-item'>\n\t\t\t<div class='gallery-icon landscape'>\n\t\t\t\t<a data-elementor-open-lightbox=\"yes\" data-elementor-lightbox-slideshow=\"436e518\" data-e-action-hash=\"#elementor-action%3Aaction%3Dlightbox%26settings%3DeyJpZCI6MTI5OCwidXJsIjoiaHR0cHM6XC9cL2Rha3dlcmtlbmRldmlsbGUuYmVcL3dwLWNvbnRlbnRcL3VwbG9hZHNcL1VudGl0bGVkLWRlc2lnbi0yMDI0LTA4LTI4VDE0NTk0My45ODYucG5nIiwic2xpZGVzaG93IjoiNDM2ZTUxOCJ9\" href='https:\/\/dakwerkendeville.be\/wp-content\/uploads\/Untitled-design-2024-08-28T145943.986.png'><img loading=\"lazy\" decoding=\"async\" width=\"600\" height=\"600\" src=\"https:\/\/dakwerkendeville.be\/wp-content\/uploads\/Untitled-design-2024-08-28T145943.986.png\" class=\"attachment-thumbnail size-thumbnail\" alt=\",\" title=\"\"><\/a>\n\t\t\t<\/div><\/figure><figure class='gallery-item'>\n\t\t\t<div class='gallery-icon landscape'>\n\t\t\t\t<a data-elementor-open-lightbox=\"yes\" data-elementor-lightbox-slideshow=\"436e518\" data-e-action-hash=\"#elementor-action%3Aaction%3Dlightbox%26settings%3DeyJpZCI6MTcxNiwidXJsIjoiaHR0cHM6XC9cL2Rha3dlcmtlbmRldmlsbGUuYmVcL3dwLWNvbnRlbnRcL3VwbG9hZHNcLzM4MDY0NDU0MF83ODQ5NTAzNDAwOTczNjhfNjIyNTAyMzc0Njc4MTc5NDM3Nl9uLmpwZyIsInNsaWRlc2hvdyI6IjQzNmU1MTgifQ%3D%3D\" href='https:\/\/dakwerkendeville.be\/wp-content\/uploads\/380644540_784950340097368_6225023746781794376_n.jpg'><img loading=\"lazy\" decoding=\"async\" width=\"600\" height=\"600\" src=\"https:\/\/dakwerkendeville.be\/wp-content\/uploads\/380644540_784950340097368_6225023746781794376_n-600x600.jpg\" class=\"attachment-thumbnail size-thumbnail\" alt=\",\" title=\"\"><\/a>\n\t\t\t<\/div><\/figure>\n\t\t<\/div>\n\t\t<\/div>\n\t\t\t\t\t\t<\/div>\n\t\t\t\t<\/div>\n\t\t\t\t\t<\/div>\n\t\t\t\t<\/div>\n\t\t\t\t\t<\/div>\n\t\t\t\t<\/div>\n\t\t\t\t<\/div>\n\t\t","protected":false},"excerpt":{"rendered":"<p>Toiturier Devill\u00e9 L. \u00c0 propos de Dakwerken Devill\u00e9 L. Depuis plusieurs ann\u00e9es, Dakwerken Devill\u00e9 L. s&rsquo;engage \u00e0 offrir des services de toiture et de bardage de haute qualit\u00e9 dans la r\u00e9gion de Huizingen et ses alentours. Nous combinons savoir-faire traditionnel et innovations modernes pour garantir la durabilit\u00e9 et l&rsquo;esth\u00e9tique de chaque projet. Notre \u00e9quipe qualifi\u00e9e [&hellip;]<\/p>\n","protected":false},"author":1,"featured_media":0,"parent":0,"menu_order":0,"comment_status":"closed","ping_status":"closed","template":"","meta":{"footnotes":""},"class_list":["post-331","page","type-page","status-publish","hentry"],"_links":{"self":[{"href":"https:\/\/dakwerkendeville.be\/nl\/wp-json\/wp\/v2\/pages\/331","targetHints":{"allow":["GET"]}}],"collection":[{"href":"https:\/\/dakwerkendeville.be\/nl\/wp-json\/wp\/v2\/pages"}],"about":[{"href":"https:\/\/dakwerkendeville.be\/nl\/wp-json\/wp\/v2\/types\/page"}],"author":[{"embeddable":true,"href":"https:\/\/dakwerkendeville.be\/nl\/wp-json\/wp\/v2\/users\/1"}],"replies":[{"embeddable":true,"href":"https:\/\/dakwerkendeville.be\/nl\/wp-json\/wp\/v2\/comments?post=331"}],"version-history":[{"count":211,"href":"https:\/\/dakwerkendeville.be\/nl\/wp-json\/wp\/v2\/pages\/331\/revisions"}],"predecessor-version":[{"id":2680,"href":"https:\/\/dakwerkendeville.be\/nl\/wp-json\/wp\/v2\/pages\/331\/revisions\/2680"}],"wp:attachment":[{"href":"https:\/\/dakwerkendeville.be\/nl\/wp-json\/wp\/v2\/media?parent=331"}],"curies":[{"name":"wp","href":"https:\/\/api.w.org\/{rel}","templated":true}]}}